{"id":1073,"date":"2016-09-20T19:20:16","date_gmt":"2016-09-20T19:20:16","guid":{"rendered":"https:\/\/zirgustallis.lv\/new\/product\/kokvilnas-cimdi-2\/"},"modified":"2016-09-20T19:20:16","modified_gmt":"2016-09-20T19:20:16","slug":"kokvilnas-cimdi-2","status":"publish","type":"product","link":"https:\/\/www.zirgustallis.lv\/en\/product\/kokvilnas-cimdi-2\/","title":{"rendered":"Kokvilnas cimdi"},"content":{"rendered":"<p><span style=\"color: rgb(26, 23, 27); font-family: Arial, Helvetica, sans-serif;\">Kokvilnas cimdi ar nesl\u012bdo\u0161u plaukstas da\u013cu un liplentes aizdari.<\/span><br style=\"color: rgb(26, 23, 27); font-family: Arial, Helvetica, sans-serif;\"><\/p>\n","protected":false},"excerpt":{"rendered":"<p>Kokvilnas cimdi ar nesl\u012bdo\u0161u plaukstas da\u013cu un liplentes aizdari.<\/p>\n","protected":false},"featured_media":1066,"template":"","meta":[],"product_brand":[],"product_cat":[169,171],"product_tag":[],"class_list":{"0":"post-1073","1":"product","2":"type-product","3":"status-publish","4":"has-post-thumbnail","6":"product_cat-all-season-gloves","7":"product_cat-summer-riding-gloves","8":"pa_cimduizmers-l-en","9":"pa_cimduizmers-m-en","10":"pa_cimduizmers-s-en","11":"pa_cimduizmers-xl-en","12":"pa_cimduizmers-xs-en","13":"pa_cimduizmers-xxs-en","15":"first","16":"instock","17":"taxable","18":"shipping-taxable","19":"purchasable","20":"product-type-variable"},"_links":{"self":[{"href":"https:\/\/www.zirgustallis.lv\/en\/wp-json\/wp\/v2\/product\/1073","targetHints":{"allow":["GET"]}}],"collection":[{"href":"https:\/\/www.zirgustallis.lv\/en\/wp-json\/wp\/v2\/product"}],"about":[{"href":"https:\/\/www.zirgustallis.lv\/en\/wp-json\/wp\/v2\/types\/product"}],"version-history":[{"count":0,"href":"https:\/\/www.zirgustallis.lv\/en\/wp-json\/wp\/v2\/product\/1073\/revisions"}],"wp:featuredmedia":[{"embeddable":true,"href":"https:\/\/www.zirgustallis.lv\/en\/wp-json\/wp\/v2\/media\/1066"}],"wp:attachment":[{"href":"https:\/\/www.zirgustallis.lv\/en\/wp-json\/wp\/v2\/media?parent=1073"}],"wp:term":[{"taxonomy":"product_brand","embeddable":true,"href":"https:\/\/www.zirgustallis.lv\/en\/wp-json\/wp\/v2\/product_brand?post=1073"},{"taxonomy":"product_cat","embeddable":true,"href":"https:\/\/www.zirgustallis.lv\/en\/wp-json\/wp\/v2\/product_cat?post=1073"},{"taxonomy":"product_tag","embeddable":true,"href":"https:\/\/www.zirgustallis.lv\/en\/wp-json\/wp\/v2\/product_tag?post=1073"}],"curies":[{"name":"wp","href":"https:\/\/api.w.org\/{rel}","templated":true}]}}