{"id":104,"date":"2016-06-04T13:38:08","date_gmt":"2016-06-04T13:38:08","guid":{"rendered":"https:\/\/zirgustallis.lv\/new\/product\/leovet-silkcare-losjons-93-2\/"},"modified":"2026-02-11T16:34:10","modified_gmt":"2026-02-11T13:34:10","slug":"leovet-silkcare-losjons-93-2","status":"publish","type":"product","link":"https:\/\/www.zirgustallis.lv\/en\/product\/leovet-silkcare-losjons-93-2\/","title":{"rendered":"Leovet Silkcare losjons"},"content":{"rendered":"<p><span style=\"color: rgb(26, 23, 27); font-family: Arial, Helvetica, sans-serif; line-height: normal; text-align: justify;\">Losjons astei, kr\u0113p\u0113m un spalvai ar z\u012bda prote\u012bnu Satur dab\u012bgas vielas, vitam\u012bnus. T\u0101s k\u013c\u016bst viegli \u0137emm\u0113jamas, t\u012br\u0101mas un ieg\u016bst z\u012bdainu sp\u012bdumu. P\u0113c iedarb\u012bbas l\u012bdzeklis vair\u0101kas dienas pasarg\u0101 kr\u0113pes un asti no net\u012brumiem un putek\u013ciem.&nbsp;<\/span><br style=\"color: rgb(26, 23, 27); font-family: Arial, Helvetica, sans-serif; line-height: normal; text-align: justify;\"><strong style=\"color: rgb(26, 23, 27); font-family: Arial, Helvetica, sans-serif; line-height: normal; text-align: justify;\">Lieto\u0161ana:<\/strong><span style=\"color: rgb(26, 23, 27); font-family: Arial, Helvetica, sans-serif; line-height: normal; text-align: justify;\">&nbsp;iesmidzin\u0101t t\u012br\u0101 apmatojum\u0101 un iz\u0137emm\u0113t.&nbsp;<\/span><br style=\"color: rgb(26, 23, 27); font-family: Arial, Helvetica, sans-serif; line-height: normal; text-align: justify;\"><span style=\"color: rgb(26, 23, 27); font-family: Arial, Helvetica, sans-serif; line-height: normal; text-align: justify;\">Tilpums: 550 ml.<\/span><\/p>\n","protected":false},"excerpt":{"rendered":"<p>Losjons astei, kr\u0113p\u0113m un spalvai ar z\u012bda prote\u012bnu Satur dab\u012bgas vielas, vitam\u012bnus. T\u0101s k\u013c\u016bst viegli \u0137emm\u0113jamas, t\u012br\u0101mas un ieg\u016bst z\u012bdainu sp\u012bdumu. P\u0113c iedarb\u012bbas l\u012bdzeklis vair\u0101kas dienas pasarg\u0101 kr\u0113pes un asti no net\u012brumiem un putek\u013ciem.&nbsp;Lieto\u0161ana:&nbsp;iesmidzin\u0101t t\u012br\u0101 apmatojum\u0101 un iz\u0137emm\u0113t.&nbsp;Tilpums: 550 ml.<\/p>\n","protected":false},"featured_media":101,"template":"","meta":[],"product_brand":[],"product_cat":[96],"product_tag":[],"class_list":{"0":"post-104","1":"product","2":"type-product","3":"status-publish","4":"has-post-thumbnail","6":"product_cat-detanglers-for-mane","8":"first","9":"instock","10":"taxable","11":"shipping-taxable","12":"purchasable","13":"product-type-simple"},"_links":{"self":[{"href":"https:\/\/www.zirgustallis.lv\/en\/wp-json\/wp\/v2\/product\/104","targetHints":{"allow":["GET"]}}],"collection":[{"href":"https:\/\/www.zirgustallis.lv\/en\/wp-json\/wp\/v2\/product"}],"about":[{"href":"https:\/\/www.zirgustallis.lv\/en\/wp-json\/wp\/v2\/types\/product"}],"version-history":[{"count":1,"href":"https:\/\/www.zirgustallis.lv\/en\/wp-json\/wp\/v2\/product\/104\/revisions"}],"predecessor-version":[{"id":55660,"href":"https:\/\/www.zirgustallis.lv\/en\/wp-json\/wp\/v2\/product\/104\/revisions\/55660"}],"wp:featuredmedia":[{"embeddable":true,"href":"https:\/\/www.zirgustallis.lv\/en\/wp-json\/wp\/v2\/media\/101"}],"wp:attachment":[{"href":"https:\/\/www.zirgustallis.lv\/en\/wp-json\/wp\/v2\/media?parent=104"}],"wp:term":[{"taxonomy":"product_brand","embeddable":true,"href":"https:\/\/www.zirgustallis.lv\/en\/wp-json\/wp\/v2\/product_brand?post=104"},{"taxonomy":"product_cat","embeddable":true,"href":"https:\/\/www.zirgustallis.lv\/en\/wp-json\/wp\/v2\/product_cat?post=104"},{"taxonomy":"product_tag","embeddable":true,"href":"https:\/\/www.zirgustallis.lv\/en\/wp-json\/wp\/v2\/product_tag?post=104"}],"curies":[{"name":"wp","href":"https:\/\/api.w.org\/{rel}","templated":true}]}}