{"id":10243,"date":"2022-03-19T16:18:57","date_gmt":"2022-03-19T16:18:57","guid":{"rendered":"https:\/\/zirgustallis.lv\/new\/product\/kingsland-orla-hudijs-2\/"},"modified":"2022-03-19T16:18:57","modified_gmt":"2022-03-19T16:18:57","slug":"kingsland-orla-hudijs-2","status":"publish","type":"product","link":"https:\/\/www.zirgustallis.lv\/en\/product\/kingsland-orla-hudijs-2\/","title":{"rendered":"Kingsland Orla h\u016bdijs"},"content":{"rendered":"<p>Stil\u012bgs h\u016bdijs sieviet\u0113m ar kapuci. 70% kokvilna, 30% poliesteris.<\/p>\n","protected":false},"excerpt":{"rendered":"<p>Stil\u012bgs h\u016bdijs sieviet\u0113m ar kapuci. 70% kokvilna, 30% poliesteris.<\/p>\n","protected":false},"featured_media":10234,"template":"","meta":[],"product_brand":[],"product_cat":[92,354],"product_tag":[],"class_list":{"0":"post-10243","1":"product","2":"type-product","3":"status-publish","4":"has-post-thumbnail","6":"product_cat-womens-sweaters","7":"product_cat-akcija-2","8":"pa_izmers-m-en","9":"pa_izmers-s-en","11":"first","12":"onbackorder","13":"sale","14":"taxable","15":"shipping-taxable","16":"purchasable","17":"product-type-variable"},"_links":{"self":[{"href":"https:\/\/www.zirgustallis.lv\/en\/wp-json\/wp\/v2\/product\/10243","targetHints":{"allow":["GET"]}}],"collection":[{"href":"https:\/\/www.zirgustallis.lv\/en\/wp-json\/wp\/v2\/product"}],"about":[{"href":"https:\/\/www.zirgustallis.lv\/en\/wp-json\/wp\/v2\/types\/product"}],"version-history":[{"count":0,"href":"https:\/\/www.zirgustallis.lv\/en\/wp-json\/wp\/v2\/product\/10243\/revisions"}],"wp:featuredmedia":[{"embeddable":true,"href":"https:\/\/www.zirgustallis.lv\/en\/wp-json\/wp\/v2\/media\/10234"}],"wp:attachment":[{"href":"https:\/\/www.zirgustallis.lv\/en\/wp-json\/wp\/v2\/media?parent=10243"}],"wp:term":[{"taxonomy":"product_brand","embeddable":true,"href":"https:\/\/www.zirgustallis.lv\/en\/wp-json\/wp\/v2\/product_brand?post=10243"},{"taxonomy":"product_cat","embeddable":true,"href":"https:\/\/www.zirgustallis.lv\/en\/wp-json\/wp\/v2\/product_cat?post=10243"},{"taxonomy":"product_tag","embeddable":true,"href":"https:\/\/www.zirgustallis.lv\/en\/wp-json\/wp\/v2\/product_tag?post=10243"}],"curies":[{"name":"wp","href":"https:\/\/api.w.org\/{rel}","templated":true}]}}